{"id":67,"date":"2017-10-07T16:48:41","date_gmt":"2017-10-07T14:48:41","guid":{"rendered":"http:\/\/www.lassaad.com\/gb\/?page_id=67"},"modified":"2021-12-05T17:30:35","modified_gmt":"2021-12-05T16:30:35","slug":"extracts","status":"publish","type":"page","link":"https:\/\/www.lassaad.com\/gb\/extracts\/","title":{"rendered":"Extracts"},"content":{"rendered":"\n<h4 class=\"wp-block-heading\"><span class=\"lettrine\">A<\/span> few glimpses of the school at work:<\/h4>\n\n\n\n<p>The school receives an increasing number of requests to visit, and to sit in on lessons. It is not the normal practice of the school to allow this. The premises are reserved to and occupied by the students who are enrolled in the school and follow the ongoing programme. The school&rsquo;s teaching in its depth can be revealed only to those who are living it.<\/p>\n\n\n\n<p>So the school has wished to show some short sequences that were filmed during the ongoing work of the school or during public soirees on different themes.<\/p>\n\n\n\n<p>This remains a glimpse into the working of the school &#8211; a tiny part, given the impressive archives it possesses.<\/p>\n\n\n\n<p>We chose to use only short sequences by the most recent second year students. Our aim is also to protect the work of creative progress &#8211; the material belongs above all to the students and to the teachers who taught it.<\/p>\n\n\n\n<p>It is of course far from being completely representative of the styles developed at the Ecole LASSAAD. These films show a small part of the complete range, but can give an idea. Living the programme remains the only way to true discovery.<\/p>\n\n\n\n<hr class=\"wp-block-separator\"\/>\n\n\n\n<figure class=\"wp-block-video\"><video controls src=\"https:\/\/lassaad.com\/videos\/1Soireejuin2015-1.mp4\"><\/video><figcaption><strong>Staging and directing &#8211; public evening<\/strong><\/figcaption><\/figure>\n\n\n\n<hr class=\"wp-block-separator is-style-wide\"\/>\n\n\n\n<hr class=\"wp-block-separator\"\/>\n\n\n\n<figure class=\"wp-block-video\"><video controls src=\"https:\/\/lassaad.com\/videos\/2Soireejuin2015-2.mp4\"><\/video><figcaption><strong>The Ritual of the Bouffons<\/strong><\/figcaption><\/figure>\n\n\n\n<hr class=\"wp-block-separator is-style-wide\"\/>\n\n\n\n<hr class=\"wp-block-separator\"\/>\n\n\n\n<figure class=\"wp-block-embed is-type-video is-provider-youtube wp-block-embed-youtube wp-embed-aspect-16-9 wp-has-aspect-ratio\"><div class=\"wp-block-embed__wrapper\">\n<iframe loading=\"lazy\" title=\"Ecole Internationale de Th\u00e9\u00e2tre LASSAAD \u2013 Comm\u00e9dia dell\u2019Arte\" width=\"750\" height=\"422\" src=\"https:\/\/www.youtube.com\/embed\/nxz7plZwWHk?feature=oembed\" frameborder=\"0\" allow=\"accelerometer; autoplay; clipboard-write; encrypted-media; gyroscope; picture-in-picture\" allowfullscreen><\/iframe>\n<\/div><figcaption><strong> Commedia dell\u2019Arte<\/strong><\/figcaption><\/figure>\n\n\n\n<hr class=\"wp-block-separator is-style-wide\"\/>\n\n\n\n<hr class=\"wp-block-separator\"\/>\n\n\n\n<figure class=\"wp-block-embed is-type-video is-provider-youtube wp-block-embed-youtube wp-embed-aspect-16-9 wp-has-aspect-ratio\"><div class=\"wp-block-embed__wrapper\">\n<iframe loading=\"lazy\" title=\"Ecole de Th\u00e9\u00e2tre LASSAAD \u2013 Tango acrobatique\" width=\"750\" height=\"422\" src=\"https:\/\/www.youtube.com\/embed\/p9g-1-nwkUc?feature=oembed\" frameborder=\"0\" allow=\"accelerometer; autoplay; clipboard-write; encrypted-media; gyroscope; picture-in-picture\" allowfullscreen><\/iframe>\n<\/div><figcaption><strong>Acrobatic tango<\/strong><\/figcaption><\/figure>\n\n\n\n<hr class=\"wp-block-separator is-style-wide\"\/>\n\n\n\n<hr class=\"wp-block-separator\"\/>\n\n\n\n<figure class=\"wp-block-video\"><video controls src=\"https:\/\/lassaad.com\/videos\/5NouveauBD3.mp4\"><\/video><figcaption><strong>Comic book style<\/strong><\/figcaption><\/figure>\n\n\n\n<hr class=\"wp-block-separator is-style-wide\"\/>\n\n\n\n<hr class=\"wp-block-separator\"\/>\n\n\n\n<figure class=\"wp-block-video\"><video controls src=\"https:\/\/www.lassaad.com\/videos\/6Melomime2.mp4\"><\/video><figcaption><strong>Melomime<\/strong><\/figcaption><\/figure>\n\n\n\n<hr class=\"wp-block-separator is-style-wide\"\/>\n\n\n\n<hr class=\"wp-block-separator\"\/>\n\n\n\n<figure class=\"wp-block-video\"><video controls src=\"https:\/\/www.lassaad.com\/videos\/TravailLassaad-Carsten.mp4\"><\/video><figcaption><strong>Rehearsing a scene of tragedy<\/strong><\/figcaption><\/figure>\n\n\n\n<hr class=\"wp-block-separator is-style-wide\"\/>\n\n\n\n<figure class=\"wp-block-video\"><video controls src=\"https:\/\/lassaad.com\/videos\/Ath-Reportage.mov\"><\/video><figcaption><strong>Reportage Ath<\/strong><\/figcaption><\/figure>\n\n\n\n<hr class=\"wp-block-separator is-style-wide\"\/>\n\n\n\n<hr class=\"wp-block-separator\"\/>\n\n\n\n<figure class=\"wp-block-video\"><video controls src=\"https:\/\/lassaad.com\/videos\/cheval.mp4\"><\/video><figcaption><strong>Getting towards tragedy<\/strong><\/figcaption><\/figure>\n\n\n\n<hr class=\"wp-block-separator is-style-wide\"\/>\n\n\n\n<figure class=\"wp-block-video\"><video controls src=\"https:\/\/lassaad.com\/videos\/vie-quotidienne2.mp4\"><\/video><figcaption><strong>Example of first year autocours<\/strong><\/figcaption><\/figure>\n\n\n\n<hr class=\"wp-block-separator is-style-wide\"\/>\n\n\n\n<figure class=\"wp-block-embed is-type-rich is-provider-prise-en-charge-des-contenus-embarques wp-block-embed-prise-en-charge-des-contenus-embarques wp-embed-aspect-16-9 wp-has-aspect-ratio\"><div class=\"wp-block-embed__wrapper\">\n<iframe loading=\"lazy\" title=\"Cin\u00e9ma Muet \u00e0 L&#039;\u00e9cole LASSAAD\" width=\"750\" height=\"422\" src=\"https:\/\/www.youtube.com\/embed\/yFaoj5sgZpU?feature=oembed\" frameborder=\"0\" allow=\"accelerometer; autoplay; clipboard-write; encrypted-media; gyroscope; picture-in-picture\" allowfullscreen><\/iframe>\n<\/div><figcaption><strong>Mute cinema<\/strong><\/figcaption><\/figure>\n\n\n\n<hr class=\"wp-block-separator is-style-wide\"\/>\n\n\n\n<figure class=\"wp-block-embed is-type-rich is-provider-prise-en-charge-des-contenus-embarques wp-block-embed-prise-en-charge-des-contenus-embarques wp-embed-aspect-16-9 wp-has-aspect-ratio\"><div class=\"wp-block-embed__wrapper\">\n<iframe loading=\"lazy\" title=\"L\u2019Ursonate de Kurt Schwitters \u00e0 L\u2019Ecole LASSAAD.\" width=\"750\" height=\"422\" src=\"https:\/\/www.youtube.com\/embed\/SVEimCG0IaU?feature=oembed\" frameborder=\"0\" allow=\"accelerometer; autoplay; clipboard-write; encrypted-media; gyroscope; picture-in-picture\" allowfullscreen><\/iframe>\n<\/div><figcaption><strong>Ursonate &#8211; directed by Luc de Wit<\/strong><\/figcaption><\/figure>\n\n\n\n<hr class=\"wp-block-separator is-style-wide\"\/>\n","protected":false},"excerpt":{"rendered":"<p>A few glimpses of the school at work: The school receives an increasing number of requests to visit, and to sit in on lessons. It is not the normal practice of the school to allow this. The premises are reserved<\/p>\n","protected":false},"author":1,"featured_media":0,"parent":0,"menu_order":0,"comment_status":"closed","ping_status":"closed","template":"","meta":{"footnotes":""},"class_list":["post-67","page","type-page","status-publish","hentry"],"yoast_head":"<!-- This site is optimized with the Yoast SEO plugin v27.5 - https:\/\/yoast.com\/product\/yoast-seo-wordpress\/ -->\n<title>Extracts - \u00c9cole LASSAAD<\/title>\n<meta name=\"robots\" content=\"index, follow, max-snippet:-1, max-image-preview:large, max-video-preview:-1\" \/>\n<link rel=\"canonical\" href=\"https:\/\/www.lassaad.com\/gb\/extracts\/\" \/>\n<meta property=\"og:locale\" content=\"fr_FR\" \/>\n<meta property=\"og:type\" content=\"article\" \/>\n<meta property=\"og:title\" content=\"Extracts - \u00c9cole LASSAAD\" \/>\n<meta property=\"og:description\" content=\"A few glimpses of the school at work: The school receives an increasing number of requests to visit, and to sit in on lessons. It is not the normal practice of the school to allow this. The premises are reserved\" \/>\n<meta property=\"og:url\" content=\"https:\/\/www.lassaad.com\/gb\/extracts\/\" \/>\n<meta property=\"og:site_name\" content=\"\u00c9cole LASSAAD\" \/>\n<meta property=\"article:publisher\" content=\"https:\/\/www.facebook.com\/ecoleinternationaleLASSAAD\/?ref=br_rs\" \/>\n<meta property=\"article:modified_time\" content=\"2021-12-05T16:30:35+00:00\" \/>\n<meta name=\"twitter:card\" content=\"summary_large_image\" \/>\n<meta name=\"twitter:label1\" content=\"Dur\u00e9e de lecture estim\u00e9e\" \/>\n\t<meta name=\"twitter:data1\" content=\"2 minutes\" \/>\n<script type=\"application\/ld+json\" class=\"yoast-schema-graph\">{\"@context\":\"https:\\\/\\\/schema.org\",\"@graph\":[{\"@type\":\"WebPage\",\"@id\":\"https:\\\/\\\/www.lassaad.com\\\/gb\\\/extracts\\\/\",\"url\":\"https:\\\/\\\/www.lassaad.com\\\/gb\\\/extracts\\\/\",\"name\":\"Extracts - \u00c9cole LASSAAD\",\"isPartOf\":{\"@id\":\"https:\\\/\\\/www.lassaad.com\\\/gb\\\/#website\"},\"datePublished\":\"2017-10-07T14:48:41+00:00\",\"dateModified\":\"2021-12-05T16:30:35+00:00\",\"breadcrumb\":{\"@id\":\"https:\\\/\\\/www.lassaad.com\\\/gb\\\/extracts\\\/#breadcrumb\"},\"inLanguage\":\"fr-FR\",\"potentialAction\":[{\"@type\":\"ReadAction\",\"target\":[\"https:\\\/\\\/www.lassaad.com\\\/gb\\\/extracts\\\/\"]}]},{\"@type\":\"BreadcrumbList\",\"@id\":\"https:\\\/\\\/www.lassaad.com\\\/gb\\\/extracts\\\/#breadcrumb\",\"itemListElement\":[{\"@type\":\"ListItem\",\"position\":1,\"name\":\"Accueil\",\"item\":\"https:\\\/\\\/www.lassaad.com\\\/gb\\\/\"},{\"@type\":\"ListItem\",\"position\":2,\"name\":\"Extracts\"}]},{\"@type\":\"WebSite\",\"@id\":\"https:\\\/\\\/www.lassaad.com\\\/gb\\\/#website\",\"url\":\"https:\\\/\\\/www.lassaad.com\\\/gb\\\/\",\"name\":\"\u00c9cole LASSAAD\",\"description\":\"International School of Theatre\",\"publisher\":{\"@id\":\"https:\\\/\\\/www.lassaad.com\\\/gb\\\/#organization\"},\"potentialAction\":[{\"@type\":\"SearchAction\",\"target\":{\"@type\":\"EntryPoint\",\"urlTemplate\":\"https:\\\/\\\/www.lassaad.com\\\/gb\\\/?s={search_term_string}\"},\"query-input\":{\"@type\":\"PropertyValueSpecification\",\"valueRequired\":true,\"valueName\":\"search_term_string\"}}],\"inLanguage\":\"fr-FR\"},{\"@type\":\"Organization\",\"@id\":\"https:\\\/\\\/www.lassaad.com\\\/gb\\\/#organization\",\"name\":\"\u00c9cole LASSAAD International School of Theatre\",\"url\":\"https:\\\/\\\/www.lassaad.com\\\/gb\\\/\",\"logo\":{\"@type\":\"ImageObject\",\"inLanguage\":\"fr-FR\",\"@id\":\"https:\\\/\\\/www.lassaad.com\\\/gb\\\/#\\\/schema\\\/logo\\\/image\\\/\",\"url\":\"https:\\\/\\\/www.lassaad.com\\\/gb\\\/wp-content\\\/uploads\\\/sites\\\/2\\\/2017\\\/10\\\/main.png\",\"contentUrl\":\"https:\\\/\\\/www.lassaad.com\\\/gb\\\/wp-content\\\/uploads\\\/sites\\\/2\\\/2017\\\/10\\\/main.png\",\"width\":512,\"height\":512,\"caption\":\"\u00c9cole LASSAAD International School of Theatre\"},\"image\":{\"@id\":\"https:\\\/\\\/www.lassaad.com\\\/gb\\\/#\\\/schema\\\/logo\\\/image\\\/\"},\"sameAs\":[\"https:\\\/\\\/www.facebook.com\\\/ecoleinternationaleLASSAAD\\\/?ref=br_rs\",\"https:\\\/\\\/www.youtube.com\\\/channel\\\/UC7LwDQF9nAYn3HY0FmfMFQg\"]}]}<\/script>\n<!-- \/ Yoast SEO plugin. -->","yoast_head_json":{"title":"Extracts - \u00c9cole LASSAAD","robots":{"index":"index","follow":"follow","max-snippet":"max-snippet:-1","max-image-preview":"max-image-preview:large","max-video-preview":"max-video-preview:-1"},"canonical":"https:\/\/www.lassaad.com\/gb\/extracts\/","og_locale":"fr_FR","og_type":"article","og_title":"Extracts - \u00c9cole LASSAAD","og_description":"A few glimpses of the school at work: The school receives an increasing number of requests to visit, and to sit in on lessons. It is not the normal practice of the school to allow this. The premises are reserved","og_url":"https:\/\/www.lassaad.com\/gb\/extracts\/","og_site_name":"\u00c9cole LASSAAD","article_publisher":"https:\/\/www.facebook.com\/ecoleinternationaleLASSAAD\/?ref=br_rs","article_modified_time":"2021-12-05T16:30:35+00:00","twitter_card":"summary_large_image","twitter_misc":{"Dur\u00e9e de lecture estim\u00e9e":"2 minutes"},"schema":{"@context":"https:\/\/schema.org","@graph":[{"@type":"WebPage","@id":"https:\/\/www.lassaad.com\/gb\/extracts\/","url":"https:\/\/www.lassaad.com\/gb\/extracts\/","name":"Extracts - \u00c9cole LASSAAD","isPartOf":{"@id":"https:\/\/www.lassaad.com\/gb\/#website"},"datePublished":"2017-10-07T14:48:41+00:00","dateModified":"2021-12-05T16:30:35+00:00","breadcrumb":{"@id":"https:\/\/www.lassaad.com\/gb\/extracts\/#breadcrumb"},"inLanguage":"fr-FR","potentialAction":[{"@type":"ReadAction","target":["https:\/\/www.lassaad.com\/gb\/extracts\/"]}]},{"@type":"BreadcrumbList","@id":"https:\/\/www.lassaad.com\/gb\/extracts\/#breadcrumb","itemListElement":[{"@type":"ListItem","position":1,"name":"Accueil","item":"https:\/\/www.lassaad.com\/gb\/"},{"@type":"ListItem","position":2,"name":"Extracts"}]},{"@type":"WebSite","@id":"https:\/\/www.lassaad.com\/gb\/#website","url":"https:\/\/www.lassaad.com\/gb\/","name":"\u00c9cole LASSAAD","description":"International School of Theatre","publisher":{"@id":"https:\/\/www.lassaad.com\/gb\/#organization"},"potentialAction":[{"@type":"SearchAction","target":{"@type":"EntryPoint","urlTemplate":"https:\/\/www.lassaad.com\/gb\/?s={search_term_string}"},"query-input":{"@type":"PropertyValueSpecification","valueRequired":true,"valueName":"search_term_string"}}],"inLanguage":"fr-FR"},{"@type":"Organization","@id":"https:\/\/www.lassaad.com\/gb\/#organization","name":"\u00c9cole LASSAAD International School of Theatre","url":"https:\/\/www.lassaad.com\/gb\/","logo":{"@type":"ImageObject","inLanguage":"fr-FR","@id":"https:\/\/www.lassaad.com\/gb\/#\/schema\/logo\/image\/","url":"https:\/\/www.lassaad.com\/gb\/wp-content\/uploads\/sites\/2\/2017\/10\/main.png","contentUrl":"https:\/\/www.lassaad.com\/gb\/wp-content\/uploads\/sites\/2\/2017\/10\/main.png","width":512,"height":512,"caption":"\u00c9cole LASSAAD International School of Theatre"},"image":{"@id":"https:\/\/www.lassaad.com\/gb\/#\/schema\/logo\/image\/"},"sameAs":["https:\/\/www.facebook.com\/ecoleinternationaleLASSAAD\/?ref=br_rs","https:\/\/www.youtube.com\/channel\/UC7LwDQF9nAYn3HY0FmfMFQg"]}]}},"_links":{"self":[{"href":"https:\/\/www.lassaad.com\/gb\/wp-json\/wp\/v2\/pages\/67","targetHints":{"allow":["GET"]}}],"collection":[{"href":"https:\/\/www.lassaad.com\/gb\/wp-json\/wp\/v2\/pages"}],"about":[{"href":"https:\/\/www.lassaad.com\/gb\/wp-json\/wp\/v2\/types\/page"}],"author":[{"embeddable":true,"href":"https:\/\/www.lassaad.com\/gb\/wp-json\/wp\/v2\/users\/1"}],"replies":[{"embeddable":true,"href":"https:\/\/www.lassaad.com\/gb\/wp-json\/wp\/v2\/comments?post=67"}],"version-history":[{"count":44,"href":"https:\/\/www.lassaad.com\/gb\/wp-json\/wp\/v2\/pages\/67\/revisions"}],"predecessor-version":[{"id":1193,"href":"https:\/\/www.lassaad.com\/gb\/wp-json\/wp\/v2\/pages\/67\/revisions\/1193"}],"wp:attachment":[{"href":"https:\/\/www.lassaad.com\/gb\/wp-json\/wp\/v2\/media?parent=67"}],"curies":[{"name":"wp","href":"https:\/\/api.w.org\/{rel}","templated":true}]}}