{"id":61,"date":"2017-10-07T16:46:50","date_gmt":"2017-10-07T14:46:50","guid":{"rendered":"http:\/\/www.lassaad.com\/gb\/?page_id=61"},"modified":"2021-07-13T10:28:02","modified_gmt":"2021-07-13T08:28:02","slug":"art-direction","status":"publish","type":"page","link":"https:\/\/www.lassaad.com\/gb\/art-direction\/","title":{"rendered":"Art direction"},"content":{"rendered":"\n<h4 class=\"wp-block-heading\"><span class=\"lettrine\">L<\/span>assa\u00e2d Sa\u00efdi.<\/h4>\n\n\n\n<p>The&nbsp;Director, Master of Pedagogy, Teacher<\/p>\n\n\n\n<div class=\"wp-block-columns are-vertically-aligned-center is-layout-flex wp-container-core-columns-is-layout-28f84493 wp-block-columns-is-layout-flex\">\n<div class=\"wp-block-column is-vertically-aligned-center is-layout-flow wp-block-column-is-layout-flow\" style=\"flex-basis:66.66%\">\n<p><span class=\"lettrine\">L<\/span><strong>assa\u00e2d sa\u00efdi created the LASSAAD International Theatre School<\/strong> in Brussels in 1983. The official inauguration was in 1985 in the presence of Jacques Lecoq.<\/p>\n\n\n\n<p><strong>Lassa\u00e2d is the artistic director<\/strong>. He chose to set up an independent school in order to be able to select a team of teachers who could work closely together while each having a specific area to defend. Their united coherent approach to the same training project has been proved and tested over many years.<\/p>\n\n\n\n<p>The closeness and mutual understanding of this experienced and effective team create a harmonious atmosphere in the school.<\/p>\n\n\n\n<p><strong>Lassa\u00e2d sa\u00efdi is, above all, a master<\/strong>. He is responsible for the philosophy of the training. He has a comprehensive grasp of the nature of each sector and a deep knowledge of the contents. He sustains and maintains the continuity of the pedagogical programme in the most enhanced and effective way.<\/p>\n\n\n\n<p><span class=\"lettrine\">H<\/span><strong>e teaches a large part of the lessons<\/strong> in the first and second years, thus never losing touch with the practical side of pedagogy. He is a demanding teacher who works constantly with rigour and energy.<\/p>\n<\/div>\n\n\n\n<div class=\"wp-block-column is-vertically-aligned-center is-layout-flow wp-block-column-is-layout-flow\" style=\"flex-basis:33.33%\">\n<div class=\"wp-block-image\"><figure class=\"aligncenter size-large\"><img loading=\"lazy\" decoding=\"async\" width=\"250\" height=\"325\" src=\"https:\/\/www.lassaad.com\/gb\/wp-content\/uploads\/sites\/2\/2021\/02\/lassaad2.jpg\" alt=\"Lassa\u00e2d Sa\u00efdi\" class=\"wp-image-721\" srcset=\"https:\/\/www.lassaad.com\/gb\/wp-content\/uploads\/sites\/2\/2021\/02\/lassaad2.jpg 250w, https:\/\/www.lassaad.com\/gb\/wp-content\/uploads\/sites\/2\/2021\/02\/lassaad2-231x300.jpg 231w\" sizes=\"auto, (max-width: 250px) 100vw, 250px\" \/><\/figure><\/div>\n<\/div>\n<\/div>\n","protected":false},"excerpt":{"rendered":"<p>Lassa\u00e2d Sa\u00efdi. The&nbsp;Director, Master of Pedagogy, Teacher Lassa\u00e2d sa\u00efdi created the LASSAAD International Theatre School in Brussels in 1983. The official inauguration was in 1985 in the presence of Jacques Lecoq. Lassa\u00e2d is the artistic director. He chose to set<\/p>\n","protected":false},"author":1,"featured_media":0,"parent":0,"menu_order":0,"comment_status":"closed","ping_status":"closed","template":"","meta":{"footnotes":""},"class_list":["post-61","page","type-page","status-publish","hentry"],"yoast_head":"<!-- This site is optimized with the Yoast SEO plugin v27.5 - https:\/\/yoast.com\/product\/yoast-seo-wordpress\/ -->\n<title>Art direction - \u00c9cole LASSAAD<\/title>\n<meta name=\"robots\" content=\"index, follow, max-snippet:-1, max-image-preview:large, max-video-preview:-1\" \/>\n<link rel=\"canonical\" href=\"https:\/\/www.lassaad.com\/gb\/art-direction\/\" \/>\n<meta property=\"og:locale\" content=\"fr_FR\" \/>\n<meta property=\"og:type\" content=\"article\" \/>\n<meta property=\"og:title\" content=\"Art direction - \u00c9cole LASSAAD\" \/>\n<meta property=\"og:description\" content=\"Lassa\u00e2d Sa\u00efdi. The&nbsp;Director, Master of Pedagogy, Teacher Lassa\u00e2d sa\u00efdi created the LASSAAD International Theatre School in Brussels in 1983. The official inauguration was in 1985 in the presence of Jacques Lecoq. Lassa\u00e2d is the artistic director. He chose to set\" \/>\n<meta property=\"og:url\" content=\"https:\/\/www.lassaad.com\/gb\/art-direction\/\" \/>\n<meta property=\"og:site_name\" content=\"\u00c9cole LASSAAD\" \/>\n<meta property=\"article:publisher\" content=\"https:\/\/www.facebook.com\/ecoleinternationaleLASSAAD\/?ref=br_rs\" \/>\n<meta property=\"article:modified_time\" content=\"2021-07-13T08:28:02+00:00\" \/>\n<meta property=\"og:image\" content=\"http:\/\/www.lassaad.com\/gb\/wp-content\/uploads\/sites\/2\/2021\/02\/lassaad2.jpg\" \/>\n<meta name=\"twitter:card\" content=\"summary_large_image\" \/>\n<meta name=\"twitter:label1\" content=\"Dur\u00e9e de lecture estim\u00e9e\" \/>\n\t<meta name=\"twitter:data1\" content=\"2 minutes\" \/>\n<script type=\"application\/ld+json\" class=\"yoast-schema-graph\">{\"@context\":\"https:\\\/\\\/schema.org\",\"@graph\":[{\"@type\":\"WebPage\",\"@id\":\"https:\\\/\\\/www.lassaad.com\\\/gb\\\/art-direction\\\/\",\"url\":\"https:\\\/\\\/www.lassaad.com\\\/gb\\\/art-direction\\\/\",\"name\":\"Art direction - \u00c9cole LASSAAD\",\"isPartOf\":{\"@id\":\"https:\\\/\\\/www.lassaad.com\\\/gb\\\/#website\"},\"primaryImageOfPage\":{\"@id\":\"https:\\\/\\\/www.lassaad.com\\\/gb\\\/art-direction\\\/#primaryimage\"},\"image\":{\"@id\":\"https:\\\/\\\/www.lassaad.com\\\/gb\\\/art-direction\\\/#primaryimage\"},\"thumbnailUrl\":\"http:\\\/\\\/www.lassaad.com\\\/gb\\\/wp-content\\\/uploads\\\/sites\\\/2\\\/2021\\\/02\\\/lassaad2.jpg\",\"datePublished\":\"2017-10-07T14:46:50+00:00\",\"dateModified\":\"2021-07-13T08:28:02+00:00\",\"breadcrumb\":{\"@id\":\"https:\\\/\\\/www.lassaad.com\\\/gb\\\/art-direction\\\/#breadcrumb\"},\"inLanguage\":\"fr-FR\",\"potentialAction\":[{\"@type\":\"ReadAction\",\"target\":[\"https:\\\/\\\/www.lassaad.com\\\/gb\\\/art-direction\\\/\"]}]},{\"@type\":\"ImageObject\",\"inLanguage\":\"fr-FR\",\"@id\":\"https:\\\/\\\/www.lassaad.com\\\/gb\\\/art-direction\\\/#primaryimage\",\"url\":\"http:\\\/\\\/www.lassaad.com\\\/gb\\\/wp-content\\\/uploads\\\/sites\\\/2\\\/2021\\\/02\\\/lassaad2.jpg\",\"contentUrl\":\"http:\\\/\\\/www.lassaad.com\\\/gb\\\/wp-content\\\/uploads\\\/sites\\\/2\\\/2021\\\/02\\\/lassaad2.jpg\"},{\"@type\":\"BreadcrumbList\",\"@id\":\"https:\\\/\\\/www.lassaad.com\\\/gb\\\/art-direction\\\/#breadcrumb\",\"itemListElement\":[{\"@type\":\"ListItem\",\"position\":1,\"name\":\"Accueil\",\"item\":\"https:\\\/\\\/www.lassaad.com\\\/gb\\\/\"},{\"@type\":\"ListItem\",\"position\":2,\"name\":\"Art direction\"}]},{\"@type\":\"WebSite\",\"@id\":\"https:\\\/\\\/www.lassaad.com\\\/gb\\\/#website\",\"url\":\"https:\\\/\\\/www.lassaad.com\\\/gb\\\/\",\"name\":\"\u00c9cole LASSAAD\",\"description\":\"International School of Theatre\",\"publisher\":{\"@id\":\"https:\\\/\\\/www.lassaad.com\\\/gb\\\/#organization\"},\"potentialAction\":[{\"@type\":\"SearchAction\",\"target\":{\"@type\":\"EntryPoint\",\"urlTemplate\":\"https:\\\/\\\/www.lassaad.com\\\/gb\\\/?s={search_term_string}\"},\"query-input\":{\"@type\":\"PropertyValueSpecification\",\"valueRequired\":true,\"valueName\":\"search_term_string\"}}],\"inLanguage\":\"fr-FR\"},{\"@type\":\"Organization\",\"@id\":\"https:\\\/\\\/www.lassaad.com\\\/gb\\\/#organization\",\"name\":\"\u00c9cole LASSAAD International School of Theatre\",\"url\":\"https:\\\/\\\/www.lassaad.com\\\/gb\\\/\",\"logo\":{\"@type\":\"ImageObject\",\"inLanguage\":\"fr-FR\",\"@id\":\"https:\\\/\\\/www.lassaad.com\\\/gb\\\/#\\\/schema\\\/logo\\\/image\\\/\",\"url\":\"https:\\\/\\\/www.lassaad.com\\\/gb\\\/wp-content\\\/uploads\\\/sites\\\/2\\\/2017\\\/10\\\/main.png\",\"contentUrl\":\"https:\\\/\\\/www.lassaad.com\\\/gb\\\/wp-content\\\/uploads\\\/sites\\\/2\\\/2017\\\/10\\\/main.png\",\"width\":512,\"height\":512,\"caption\":\"\u00c9cole LASSAAD International School of Theatre\"},\"image\":{\"@id\":\"https:\\\/\\\/www.lassaad.com\\\/gb\\\/#\\\/schema\\\/logo\\\/image\\\/\"},\"sameAs\":[\"https:\\\/\\\/www.facebook.com\\\/ecoleinternationaleLASSAAD\\\/?ref=br_rs\",\"https:\\\/\\\/www.youtube.com\\\/channel\\\/UC7LwDQF9nAYn3HY0FmfMFQg\"]}]}<\/script>\n<!-- \/ Yoast SEO plugin. -->","yoast_head_json":{"title":"Art direction - \u00c9cole LASSAAD","robots":{"index":"index","follow":"follow","max-snippet":"max-snippet:-1","max-image-preview":"max-image-preview:large","max-video-preview":"max-video-preview:-1"},"canonical":"https:\/\/www.lassaad.com\/gb\/art-direction\/","og_locale":"fr_FR","og_type":"article","og_title":"Art direction - \u00c9cole LASSAAD","og_description":"Lassa\u00e2d Sa\u00efdi. The&nbsp;Director, Master of Pedagogy, Teacher Lassa\u00e2d sa\u00efdi created the LASSAAD International Theatre School in Brussels in 1983. The official inauguration was in 1985 in the presence of Jacques Lecoq. Lassa\u00e2d is the artistic director. He chose to set","og_url":"https:\/\/www.lassaad.com\/gb\/art-direction\/","og_site_name":"\u00c9cole LASSAAD","article_publisher":"https:\/\/www.facebook.com\/ecoleinternationaleLASSAAD\/?ref=br_rs","article_modified_time":"2021-07-13T08:28:02+00:00","og_image":[{"url":"http:\/\/www.lassaad.com\/gb\/wp-content\/uploads\/sites\/2\/2021\/02\/lassaad2.jpg","type":"","width":"","height":""}],"twitter_card":"summary_large_image","twitter_misc":{"Dur\u00e9e de lecture estim\u00e9e":"2 minutes"},"schema":{"@context":"https:\/\/schema.org","@graph":[{"@type":"WebPage","@id":"https:\/\/www.lassaad.com\/gb\/art-direction\/","url":"https:\/\/www.lassaad.com\/gb\/art-direction\/","name":"Art direction - \u00c9cole LASSAAD","isPartOf":{"@id":"https:\/\/www.lassaad.com\/gb\/#website"},"primaryImageOfPage":{"@id":"https:\/\/www.lassaad.com\/gb\/art-direction\/#primaryimage"},"image":{"@id":"https:\/\/www.lassaad.com\/gb\/art-direction\/#primaryimage"},"thumbnailUrl":"http:\/\/www.lassaad.com\/gb\/wp-content\/uploads\/sites\/2\/2021\/02\/lassaad2.jpg","datePublished":"2017-10-07T14:46:50+00:00","dateModified":"2021-07-13T08:28:02+00:00","breadcrumb":{"@id":"https:\/\/www.lassaad.com\/gb\/art-direction\/#breadcrumb"},"inLanguage":"fr-FR","potentialAction":[{"@type":"ReadAction","target":["https:\/\/www.lassaad.com\/gb\/art-direction\/"]}]},{"@type":"ImageObject","inLanguage":"fr-FR","@id":"https:\/\/www.lassaad.com\/gb\/art-direction\/#primaryimage","url":"http:\/\/www.lassaad.com\/gb\/wp-content\/uploads\/sites\/2\/2021\/02\/lassaad2.jpg","contentUrl":"http:\/\/www.lassaad.com\/gb\/wp-content\/uploads\/sites\/2\/2021\/02\/lassaad2.jpg"},{"@type":"BreadcrumbList","@id":"https:\/\/www.lassaad.com\/gb\/art-direction\/#breadcrumb","itemListElement":[{"@type":"ListItem","position":1,"name":"Accueil","item":"https:\/\/www.lassaad.com\/gb\/"},{"@type":"ListItem","position":2,"name":"Art direction"}]},{"@type":"WebSite","@id":"https:\/\/www.lassaad.com\/gb\/#website","url":"https:\/\/www.lassaad.com\/gb\/","name":"\u00c9cole LASSAAD","description":"International School of Theatre","publisher":{"@id":"https:\/\/www.lassaad.com\/gb\/#organization"},"potentialAction":[{"@type":"SearchAction","target":{"@type":"EntryPoint","urlTemplate":"https:\/\/www.lassaad.com\/gb\/?s={search_term_string}"},"query-input":{"@type":"PropertyValueSpecification","valueRequired":true,"valueName":"search_term_string"}}],"inLanguage":"fr-FR"},{"@type":"Organization","@id":"https:\/\/www.lassaad.com\/gb\/#organization","name":"\u00c9cole LASSAAD International School of Theatre","url":"https:\/\/www.lassaad.com\/gb\/","logo":{"@type":"ImageObject","inLanguage":"fr-FR","@id":"https:\/\/www.lassaad.com\/gb\/#\/schema\/logo\/image\/","url":"https:\/\/www.lassaad.com\/gb\/wp-content\/uploads\/sites\/2\/2017\/10\/main.png","contentUrl":"https:\/\/www.lassaad.com\/gb\/wp-content\/uploads\/sites\/2\/2017\/10\/main.png","width":512,"height":512,"caption":"\u00c9cole LASSAAD International School of Theatre"},"image":{"@id":"https:\/\/www.lassaad.com\/gb\/#\/schema\/logo\/image\/"},"sameAs":["https:\/\/www.facebook.com\/ecoleinternationaleLASSAAD\/?ref=br_rs","https:\/\/www.youtube.com\/channel\/UC7LwDQF9nAYn3HY0FmfMFQg"]}]}},"_links":{"self":[{"href":"https:\/\/www.lassaad.com\/gb\/wp-json\/wp\/v2\/pages\/61","targetHints":{"allow":["GET"]}}],"collection":[{"href":"https:\/\/www.lassaad.com\/gb\/wp-json\/wp\/v2\/pages"}],"about":[{"href":"https:\/\/www.lassaad.com\/gb\/wp-json\/wp\/v2\/types\/page"}],"author":[{"embeddable":true,"href":"https:\/\/www.lassaad.com\/gb\/wp-json\/wp\/v2\/users\/1"}],"replies":[{"embeddable":true,"href":"https:\/\/www.lassaad.com\/gb\/wp-json\/wp\/v2\/comments?post=61"}],"version-history":[{"count":9,"href":"https:\/\/www.lassaad.com\/gb\/wp-json\/wp\/v2\/pages\/61\/revisions"}],"predecessor-version":[{"id":989,"href":"https:\/\/www.lassaad.com\/gb\/wp-json\/wp\/v2\/pages\/61\/revisions\/989"}],"wp:attachment":[{"href":"https:\/\/www.lassaad.com\/gb\/wp-json\/wp\/v2\/media?parent=61"}],"curies":[{"name":"wp","href":"https:\/\/api.w.org\/{rel}","templated":true}]}}